{"id":45,"date":"2023-04-09T16:28:49","date_gmt":"2023-04-09T16:28:49","guid":{"rendered":"https:\/\/opticapupilen.es\/?page_id=45"},"modified":"2023-04-09T16:30:30","modified_gmt":"2023-04-09T16:30:30","slug":"productos","status":"publish","type":"page","link":"https:\/\/opticapupilen.es\/index.php\/productos\/","title":{"rendered":"Productos"},"content":{"rendered":"<section class=\"l-section wpb_row height_medium with_shape\"><div class=\"l-section-overlay\" style=\"background:#f5f5f5\"><\/div><div class=\"l-section-shape type_wave pos_bottom hor_flip\" style=\"height:5vmin;\"><svg xmlns=\"http:\/\/www.w3.org\/2000\/svg\" viewBox=\"0 4 64 4\" preserveAspectRatio=\"none\" width=\"100%\" height=\"100%\">\r\n\t<path fill=\"currentColor\" d=\"M64 6 C32 0 32 12 0 6 L0 8 L64 8 Z\"\/>\r\n<\/svg><\/div><div class=\"l-section-h i-cf\"><div class=\"g-cols vc_row via_grid cols_1 laptops-cols_inherit tablets-cols_inherit mobiles-cols_1 valign_top type_default stacking_default\"><div class=\"wpb_column vc_column_container\"><div class=\"vc_column-inner\">[vc_custom_heading text=\u00bbProductos\u00bb use_theme_fonts=\u00bbyes\u00bb]<\/div><\/div><\/div><\/div><\/section><section class=\"l-section wpb_row height_medium\"><div class=\"l-section-h i-cf\"><div class=\"g-cols vc_row via_grid cols_1 laptops-cols_inherit tablets-cols_inherit mobiles-cols_1 valign_top type_default stacking_default\"><div class=\"wpb_column vc_column_container\"><div class=\"vc_column-inner\"><div class=\"wpb_text_column\"><div class=\"wpb_wrapper\"><p style=\"text-align: center;\">En <strong>\u00d3ptica Pupil\u00e9n<\/strong>, situada en<strong> Icod de los Vinos<\/strong>, le mostraremos una gran variedad de productos \u00f3pticos. Somos especialistas en <strong>lentes progresivas<\/strong> de primera calidad y contamos con <strong>\u00f3pticos optometristas<\/strong> cualificados. Podr\u00e1 elegir entre una amplia gama de productos<\/p>\n<\/div><\/div><div class=\"w-separator size_small\"><\/div><div class=\"g-cols wpb_row via_grid cols_2 laptops-cols_inherit tablets-cols_inherit mobiles-cols_1 valign_top type_default stacking_default\"><div class=\"wpb_column vc_column_container\"><div class=\"vc_column-inner\"><div class=\"smile_icon_list_wrap ult_info_list_container ult-adjust-bottom-margin  \"><ul class=\"smile_icon_list left square with_bg\"><li class=\"icon_list_item\" style=\" font-size:72px;\"><div class=\"icon_list_icon\" data-animation=\"pulse\" data-animation-delay=\"03\" style=\"font-size:24px;border-width:1px;border-style:none;background:#ffffff;color:#16c456;border-color:#333333;\"><i class=\"Defaults-check\" ><\/i><\/div><div class=\"icon_description\" id=\"Info-list-wrap-1209\" style=\"font-size:24px;\"><p class=\"ult-responsive info-list-heading\"  data-ultimate-target='#Info-list-wrap-1209 p'  data-responsive-json-new='{\"font-size\":\"desktop:16px;\",\"line-height\":\"desktop:24px;\"}'  style=\"\">Lentillas<\/p><div class=\"icon_description_text ult-responsive\"  data-ultimate-target='#Info-list-wrap-1209 .icon_description_text'  data-responsive-json-new='{\"font-size\":\"desktop:13px;\",\"line-height\":\"desktop:18px;\"}'  style=\"\"><\/div><\/div><div class=\"icon_list_connector\"  style=\"border: none !important;\"><\/div><\/li><li class=\"icon_list_item\" style=\" font-size:72px;\"><div class=\"icon_list_icon\" data-animation=\"pulse\" data-animation-delay=\"03\" style=\"font-size:24px;border-width:1px;border-style:none;background:#ffffff;color:#16c456;border-color:#333333;\"><i class=\"Defaults-check\" ><\/i><\/div><div class=\"icon_description\" id=\"Info-list-wrap-3932\" style=\"font-size:24px;\"><p class=\"ult-responsive info-list-heading\"  data-ultimate-target='#Info-list-wrap-3932 p'  data-responsive-json-new='{\"font-size\":\"desktop:16px;\",\"line-height\":\"desktop:24px;\"}'  style=\"\">Lentes progresivas<\/p><div class=\"icon_description_text ult-responsive\"  data-ultimate-target='#Info-list-wrap-3932 .icon_description_text'  data-responsive-json-new='{\"font-size\":\"desktop:13px;\",\"line-height\":\"desktop:18px;\"}'  style=\"\"><\/div><\/div><div class=\"icon_list_connector\"  style=\"border: none !important;\"><\/div><\/li><li class=\"icon_list_item\" style=\" font-size:72px;\"><div class=\"icon_list_icon\" data-animation=\"pulse\" data-animation-delay=\"03\" style=\"font-size:24px;border-width:1px;border-style:none;background:#ffffff;color:#16c456;border-color:#333333;\"><i class=\"Defaults-check\" ><\/i><\/div><div class=\"icon_description\" id=\"Info-list-wrap-4884\" style=\"font-size:24px;\"><p class=\"ult-responsive info-list-heading\"  data-ultimate-target='#Info-list-wrap-4884 p'  data-responsive-json-new='{\"font-size\":\"desktop:16px;\",\"line-height\":\"desktop:24px;\"}'  style=\"\">Complementos<\/p><div class=\"icon_description_text ult-responsive\"  data-ultimate-target='#Info-list-wrap-4884 .icon_description_text'  data-responsive-json-new='{\"font-size\":\"desktop:13px;\",\"line-height\":\"desktop:18px;\"}'  style=\"\"><\/div><\/div><div class=\"icon_list_connector\"  style=\"border: none !important;\"><\/div><\/li><\/ul><\/div><\/div><\/div><div class=\"wpb_column vc_column_container\"><div class=\"vc_column-inner\"><div class=\"smile_icon_list_wrap ult_info_list_container ult-adjust-bottom-margin  \"><ul class=\"smile_icon_list left square with_bg\"><li class=\"icon_list_item\" style=\" font-size:72px;\"><div class=\"icon_list_icon\" data-animation=\"pulse\" data-animation-delay=\"03\" style=\"font-size:24px;border-width:1px;border-style:none;background:#ffffff;color:#16c456;border-color:#333333;\"><i class=\"Defaults-check\" ><\/i><\/div><div class=\"icon_description\" id=\"Info-list-wrap-1479\" style=\"font-size:24px;\"><p class=\"ult-responsive info-list-heading\"  data-ultimate-target='#Info-list-wrap-1479 p'  data-responsive-json-new='{\"font-size\":\"desktop:16px;\",\"line-height\":\"desktop:24px;\"}'  style=\"\">Gafas de sol<\/p><div class=\"icon_description_text ult-responsive\"  data-ultimate-target='#Info-list-wrap-1479 .icon_description_text'  data-responsive-json-new='{\"font-size\":\"desktop:13px;\",\"line-height\":\"desktop:18px;\"}'  style=\"\"><\/div><\/div><div class=\"icon_list_connector\"  style=\"border: none !important;\"><\/div><\/li><li class=\"icon_list_item\" style=\" font-size:72px;\"><div class=\"icon_list_icon\" data-animation=\"pulse\" data-animation-delay=\"03\" style=\"font-size:24px;border-width:1px;border-style:none;background:#ffffff;color:#16c456;border-color:#333333;\"><i class=\"Defaults-check\" ><\/i><\/div><div class=\"icon_description\" id=\"Info-list-wrap-6057\" style=\"font-size:24px;\"><p class=\"ult-responsive info-list-heading\"  data-ultimate-target='#Info-list-wrap-6057 p'  data-responsive-json-new='{\"font-size\":\"desktop:16px;\",\"line-height\":\"desktop:24px;\"}'  style=\"\">Lentes de contacto<\/p><div class=\"icon_description_text ult-responsive\"  data-ultimate-target='#Info-list-wrap-6057 .icon_description_text'  data-responsive-json-new='{\"font-size\":\"desktop:13px;\",\"line-height\":\"desktop:18px;\"}'  style=\"\"><\/div><\/div><div class=\"icon_list_connector\"  style=\"border: none !important;\"><\/div><\/li><li class=\"icon_list_item\" style=\" font-size:72px;\"><div class=\"icon_list_icon\" data-animation=\"pulse\" data-animation-delay=\"03\" style=\"font-size:24px;border-width:1px;border-style:none;background:#ffffff;color:#16c456;border-color:#333333;\"><i class=\"Defaults-check\" ><\/i><\/div><div class=\"icon_description\" id=\"Info-list-wrap-8394\" style=\"font-size:24px;\"><p class=\"ult-responsive info-list-heading\"  data-ultimate-target='#Info-list-wrap-8394 p'  data-responsive-json-new='{\"font-size\":\"desktop:16px;\",\"line-height\":\"desktop:24px;\"}'  style=\"\">Gafas de sol graduadas<\/p><div class=\"icon_description_text ult-responsive\"  data-ultimate-target='#Info-list-wrap-8394 .icon_description_text'  data-responsive-json-new='{\"font-size\":\"desktop:13px;\",\"line-height\":\"desktop:18px;\"}'  style=\"\"><\/div><\/div><div class=\"icon_list_connector\"  style=\"border: none !important;\"><\/div><\/li><\/ul><\/div><\/div><\/div><\/div><div class=\"w-separator size_small\"><\/div><div class=\"wpb_text_column\"><div class=\"wpb_wrapper\"><p style=\"text-align: center;\">Las <strong>lentes progresivas<\/strong> est\u00e1n dise\u00f1adas para que puedas ver de lejos, de cerca y en distancias intermedias. En centro de <strong>\u00d3ptica Pupil\u00e9n<\/strong> en <strong>Icod de los Vinos<\/strong> le ofrecemos un trabajo profesional, pues trabajamos con los mejores proveedores de material de \u00f3ptica del mercado. Nos esmeramos en brindar a cada cliente un trabajo final que satisfaga las necesidades concretas. Adem\u00e1s le ofrecemos los \u00faltimos dise\u00f1os en monturas para que vaya siempre a la moda.<\/p>\n<\/div><\/div><div class=\"w-separator size_medium\"><\/div><div class=\"w-image align_center\"><div class=\"w-image-h\"><img loading=\"lazy\" decoding=\"async\" width=\"1024\" height=\"619\" src=\"https:\/\/opticapupilen.es\/wp-content\/uploads\/2023\/04\/optica-pupilen-1024x619.png\" class=\"attachment-large size-large\" alt=\"\" srcset=\"https:\/\/opticapupilen.es\/wp-content\/uploads\/2023\/04\/optica-pupilen-1024x619.png 1024w, https:\/\/opticapupilen.es\/wp-content\/uploads\/2023\/04\/optica-pupilen-300x181.png 300w, https:\/\/opticapupilen.es\/wp-content\/uploads\/2023\/04\/optica-pupilen-600x363.png 600w, https:\/\/opticapupilen.es\/wp-content\/uploads\/2023\/04\/optica-pupilen.png 1240w\" sizes=\"auto, (max-width: 1024px) 100vw, 1024px\" \/><\/div><\/div><div class=\"w-separator size_medium\"><\/div><\/div><\/div><\/div><\/div><\/section>\n","protected":false},"excerpt":{"rendered":"[vc_custom_heading text=\"Productos\" use_theme_fonts=\"yes\"]En \u00d3ptica Pupil\u00e9n, situada en Icod de los Vinos, le mostraremos una gran variedad de productos \u00f3pticos. Somos especialistas en lentes progresivas de primera calidad y contamos con \u00f3pticos optometristas cualificados. Podr\u00e1 elegir entre una amplia gama de productos LentillasLentes progresivasComplementosGafas de solLentes de contactoGafas de sol graduadasLas lentes progresivas est\u00e1n dise\u00f1adas para...","protected":false},"author":1,"featured_media":0,"parent":0,"menu_order":0,"comment_status":"closed","ping_status":"closed","template":"","meta":{"footnotes":""},"class_list":["post-45","page","type-page","status-publish","hentry"],"_links":{"self":[{"href":"https:\/\/opticapupilen.es\/index.php\/wp-json\/wp\/v2\/pages\/45","targetHints":{"allow":["GET"]}}],"collection":[{"href":"https:\/\/opticapupilen.es\/index.php\/wp-json\/wp\/v2\/pages"}],"about":[{"href":"https:\/\/opticapupilen.es\/index.php\/wp-json\/wp\/v2\/types\/page"}],"author":[{"embeddable":true,"href":"https:\/\/opticapupilen.es\/index.php\/wp-json\/wp\/v2\/users\/1"}],"replies":[{"embeddable":true,"href":"https:\/\/opticapupilen.es\/index.php\/wp-json\/wp\/v2\/comments?post=45"}],"version-history":[{"count":3,"href":"https:\/\/opticapupilen.es\/index.php\/wp-json\/wp\/v2\/pages\/45\/revisions"}],"predecessor-version":[{"id":49,"href":"https:\/\/opticapupilen.es\/index.php\/wp-json\/wp\/v2\/pages\/45\/revisions\/49"}],"wp:attachment":[{"href":"https:\/\/opticapupilen.es\/index.php\/wp-json\/wp\/v2\/media?parent=45"}],"curies":[{"name":"wp","href":"https:\/\/api.w.org\/{rel}","templated":true}]}}