{"id":38,"date":"2023-04-09T16:16:58","date_gmt":"2023-04-09T16:16:58","guid":{"rendered":"https:\/\/opticapupilen.es\/?page_id=38"},"modified":"2025-02-06T21:07:05","modified_gmt":"2025-02-06T21:07:05","slug":"privacidad","status":"publish","type":"page","link":"https:\/\/opticapupilen.es\/index.php\/privacidad\/","title":{"rendered":"Pol\u00edtica de Privacidad"},"content":{"rendered":"<h1>POL\u00cdTICA DE PRIVACIDAD<\/h1>\n<p>En este sitio web s\u00f3lo se recaban datos personales con el conocimiento e informaci\u00f3n de los usuarios.<\/p>\n<p>En este documento le explicamos con detalle qui\u00e9n va a tratar sus datos, para qu\u00e9 se van a utilizar y cu\u00e1les son los derechos que puede ejercer entre otros puntos. Si quiere tener una mayor informaci\u00f3n puedes leer esta Pol\u00edtica de Privacidad, as\u00ed como el <a href=\"https:\/\/opticapupilen.es\/index.php\/aviso-legal\/\">Aviso Legal<\/a> y la <a href=\"https:\/\/opticapupilen.es\/index.php\/politica-de-cookies\/\">Pol\u00edtica de Cookies<\/a>.<\/p>\n<p><strong>1.- RESPONSABLES DE TRATAMIENTO. \u00bfQUI\u00c9N VA A TRATAR SUS DATOS?<\/strong><\/p>\n<p>Identidad: Mar\u00eda Jos\u00e9 Pav\u00e9s Cano<\/p>\n<p>Direcci\u00f3n: Avenida 25 de Abril 93, 38430 Icod de los Vinos, Santa Cruz de Tenerife<\/p>\n<p>Email: \u00a0masetenerife@gmail.com<\/p>\n<p>&nbsp;<\/p>\n<p><strong>2.- \u00bfQU\u00c9 DATOS PERSONALES TRATAMOS Y DE D\u00d3NDE PROCEDEN?<\/strong><\/p>\n<p>Con motivo de su relaci\u00f3n con nosotros podremos tratar distintas categor\u00edas de datos personales, dependiendo siempre del servicio o producto contratado con nosotros. Estos datos, podr\u00e1n ser recogidos por cualquiera de los medios que Mar\u00eda Jos\u00e9 Pav\u00e9s Cano ofrece, tanto online como en persona. Las categor\u00edas de datos tratadas, podr\u00e1n ser las siguientes:<\/p>\n<p>Datos corporativos de entidades colaboradoras y\/o proveedoras y datos de contacto de sus representantes o contactos.<\/p>\n<p>Car\u00e1cter identificativos de personas f\u00edsicas: nombre y apellidos, DNI\/documento identificativo, fecha de nacimiento, lugar \/ ciudad \/ pa\u00eds de nacimiento, tel\u00e9fono, correo electr\u00f3nico, direcci\u00f3n, firma, firma electr\u00f3nica, n\u00famero de afiliaci\u00f3n a la seguridad social, voz, imagen, direcci\u00f3n IP, ID de cookie, ID \/ enlaces de perfil de redes sociales, ID de dispositivo m\u00f3vil.<\/p>\n<p>Datos acad\u00e9micos y profesionales: formaci\u00f3n y titulaciones, experiencia profesional<\/p>\n<p>Datos de categor\u00eda especial: datos de salud y visi\u00f3n. Historial m\u00e9dico relacionado con la vista, prescripciones, diagn\u00f3sticos, datos relacionados con tratamientos oft\u00e1lmicos y otros datos sensibles que sean necesarios para la correcta prestaci\u00f3n de nuestros servicios.<\/p>\n<p>Datos bancarios: n\u00famero de cuenta bancaria, n\u00famero de tarjeta de cr\u00e9dito<\/p>\n<p>&nbsp;<\/p>\n<p><strong>3.- FINALIDAD Y LEGITIMACI\u00d3N. \u00bfPARA QU\u00c9 Y POR QU\u00c9 SE UTILIZAN SUS DATOS PERSONALES?<\/strong><\/p>\n<p>Mar\u00eda Jos\u00e9 Pav\u00e9s Cano le informa que podr\u00e1 tratar los datos de car\u00e1cter personal para la finalidad que se indica a continuaci\u00f3n, en la medida en que exista una base legal para cada tratamiento.<\/p>\n<p>El RGPD y la LOPDGDD establecen que s\u00f3lo se puede tratar informaci\u00f3n de una persona (sus \u00abdatos personales\u00bb) si concurre una de las bases legitimadoras expresamente previstas en dichas normas. M\u00e1s concretamente, y a este respecto, el art\u00edculo 6 del RGPD establece una lista cerrada de las bases legitimadoras que pueden concurrir para justificar y legitimar un tratamiento de datos personales:<br \/>\n&#8211; Consentimiento.<br \/>\n&#8211; Relaci\u00f3n contractual.<br \/>\n&#8211; Intereses vitales del interesado o de otras personas.<br \/>\n&#8211; Cumplimiento de una obligaci\u00f3n legal para el responsable.<br \/>\n&#8211; Inter\u00e9s p\u00fablico o ejercicio de poderes p\u00fablicos.<br \/>\n&#8211; Inter\u00e9s leg\u00edtimo prevalente del responsable o de terceros a los que se comunican los datos.<\/p>\n<p>Mar\u00eda Jos\u00e9 Pav\u00e9s Cano llevar\u00e1 a cabo tratamientos de sus datos, en algunos casos, al amparo del inter\u00e9s leg\u00edtimo previsto en el art\u00edculo 6.1.f) del RGPD, por cuanto considera que no perjudican el derecho de los clientes a la protecci\u00f3n de sus datos personales. Dicho precepto autoriza llevar a cabo aquellos tratamientos que son &#8211; necesarios para la satisfacci\u00f3n de intereses leg\u00edtimos perseguidos por el responsable del tratamiento o por un tercero, siempre que sobre dichos intereses no prevalezcan los intereses o los derechos y libertades fundamentales del interesado que requieran la protecci\u00f3n de datos personales, en particular cuando el interesado sea un ni\u00f1o-.<\/p>\n<p>Sobre tales tratamientos, tiene derecho a:<br \/>\n&#8211; Obtener m\u00e1s informaci\u00f3n sobre en qu\u00e9 consiste ese -inter\u00e9s leg\u00edtimo-.<br \/>\n&#8211; Saber c\u00f3mo ha llegado Mar\u00eda Jos\u00e9 Pav\u00e9s Cano a la conclusi\u00f3n de que no perjudican la protecci\u00f3n de tus datos personales<br \/>\n&#8211; O directamente a oponerte a ellos. Podr\u00e1 hacerlo a trav\u00e9s de los cauces que se articulan a su disposici\u00f3n en el apartado 7 \u00a0&#8211; DERECHOS QUE PUEDE EJERCER -, indicando el tratamiento concreto al que se opone y los motivos en los que funda su petici\u00f3n.<\/p>\n<p>De todos los tratamientos realizados en base al inter\u00e9s leg\u00edtimo, Mar\u00eda Jos\u00e9 Pav\u00e9s Cano ha llevado a cabo lo que se conoce como &#8211; prueba de sopesamiento -. Se trata de un an\u00e1lisis interno para confirmar que el inter\u00e9s leg\u00edtimo de Mar\u00eda Jos\u00e9 Pav\u00e9s Cano no perjudica los intereses de sus clientes en la protecci\u00f3n de sus datos personales. Puedes obtener informaci\u00f3n sobre la prueba que corresponda mediante solicitud dirigida a la direcci\u00f3n de correo electr\u00f3nico masetenerife@gmail.com.<\/p>\n<p>&nbsp;<\/p>\n<p>Las principales finalidades para las que se van a poder utilizar sus datos personales y bases legitimacdoras para cada tratamiento son las siguientes:<\/p>\n<p><strong>Cumplimiento de obligaciones legales<\/strong><\/p>\n<p>Finalidad: cumplimiento de las obligaciones de \u00edndole contable, legal, fiscal y administrativa.<\/p>\n<p>Legitimaci\u00f3n: ejecuci\u00f3n contractual, cumplimiento de obligaci\u00f3n legal.<\/p>\n<p><strong>Prestaci\u00f3n de servicios \u00a0<\/strong><\/p>\n<p>Finalidad: \u00a0Prestarle los servicios de optometr\u00eda y\/o terapia visual seg\u00fan corresponda, el seguimiento de la terapia, el asesoramiento en cuanto a lentes de contacto, lentes oft\u00e1lmicas y monturas, y la gesti\u00f3n administrativa. Elaborarle presupuestos personalizados y realizar la facturaci\u00f3n de los mismos.<br \/>\nLegitimaci\u00f3n: Ejecuci\u00f3n pre-contractual y\/o contractual.<\/p>\n<p>Registros Sanitarios:<br \/>\nFinalidad: Mantener un registro actualizado de la informaci\u00f3n cl\u00ednica del paciente, tanto para cumplir con las normativas sanitarias como para garantizar la seguridad y calidad de la atenci\u00f3n.<br \/>\nLegitimaci\u00f3n: Cumplimiento de obligaciones legales.<\/p>\n<p><strong>Historial de Compras y Servicios:\u00a0<\/strong><br \/>\nFinalidad: Mantener un registro de los productos adquiridos y servicios prestados para facilitar la gesti\u00f3n administrativa, la atenci\u00f3n post-venta y la resoluci\u00f3n de incidencias o reclamaciones.<br \/>\nLegitimaci\u00f3n: Ejecuci\u00f3n contractual<\/p>\n<p><strong>Gesti\u00f3n de citas<\/strong><br \/>\n&#8211; Finalidad: Gestionar citas y reprogramaciones.<br \/>\nLegitimaci\u00f3n: Ejecuci\u00f3n de un contrato o medidas precontractuales.<br \/>\n&#8211; Finalidad: Recordatorio de citas por SMS y\/o correo electr\u00f3nico.<br \/>\nLegitimaci\u00f3n: Inter\u00e9s leg\u00edtimo del Responsable del Tratamiento. Tiene derecho a oponerse al tratamiento de sus datos personales para el env\u00edo de recordatorios de citas mediante SMS o correo electr\u00f3nico sin que afecte a la prestaci\u00f3n de los servicios. Si no desea recibir estos recordatorios, puede ejercer su derecho de oposici\u00f3n en cualquier momento, utilizando uno de los canales detallados en el apartado \u00a06 &#8211; DERECHOS QUE PUEDE EJERCER &#8211; de esta Pol\u00edtica de Privacidad.<br \/>\n&#8211; Finalidad: Recordatorio de citas mediante Whatsapp. WhatsApp es una plataforma de mensajer\u00eda propiedad de Meta Platforms, Inc., cuyo uso puede implicar compartir datos personales (como el n\u00famero de tel\u00e9fono o fechas de comunicaci\u00f3n) con la plataforma. Adem\u00e1s, los datos podr\u00edan ser tratados fuera del Espacio Econ\u00f3mico Europeo (EEE), lo que puede implicar diferentes niveles de protecci\u00f3n de datos personales.<br \/>\nLegitimaci\u00f3n: Consentimiento expl\u00edcito\u00a0del\u00a0interesado.<\/p>\n<p><strong>Videovigilancia<\/strong><\/p>\n<p>Finalidad: Vigilancia interior y exterior de las instalaciones con la finalidad de dar cumplimiento al operativo de seguridad y para prevenir riesgos que afecten a la seguridad y protecci\u00f3n de las personas, locales y bienes patrimoniales as\u00ed como para denunciar, cuando sea necesario, hechos ante las autoridades competentes o atender los requerimientos de las mismas.<\/p>\n<p>Legitimaci\u00f3n: Inter\u00e9s p\u00fablico, dado que su finalidad es garantizar la seguridad de personas, bienes e intalaciones. Cuando la base de legitimaci\u00f3n de un tratamiento es el \u00abInter\u00e9s P\u00fablico\u00bb, este tratamiento debe tener una base en el Derecho de la Uni\u00f3n o de los Estados miembros. A este respecto, cabe citar \u00a0la Ley 5\/2014, de 4 de abril, de Seguridad Privada.<\/p>\n<p><strong>Uso de imagen<\/strong><\/p>\n<p>Finalidad: Captaci\u00f3n, gesti\u00f3n, reproducci\u00f3n y\/o publicaci\u00f3n de los archivos audiovisuales (fotograf\u00edas, v\u00eddeos\u2026) en los que aparezcan personas f\u00edsicas en p\u00e1ginas web, redes sociales, publicaciones f\u00edsicas o cualquier otro soporte.<\/p>\n<p>Legitimaci\u00f3n:<strong>\u00a0<\/strong>Su consentimiento.<\/p>\n<p><strong>Comunicaciones comerciales (no solicitadas expresamente)<\/strong><\/p>\n<p>Finalidad: Con el fin de poder ofrecer al usuario productos y servicios que puedan ser de su inter\u00e9s se le remitir\u00e1n ofertas sobre productos y servicios relacionados con los ya contratados o que haya contratado en el pasado con Mar\u00eda Jos\u00e9 Pav\u00e9s Cano. Podr\u00e1 oponerse a recibir estas comunicaciones en cada comunicaci\u00f3n que reciba.<\/p>\n<p>Legitimaci\u00f3n: Inter\u00e9s leg\u00edtimo de Mar\u00eda Jos\u00e9 Pav\u00e9s Cano.<\/p>\n<p><strong>Comunicaciones comerciales<\/strong><\/p>\n<p>Finalidad: Env\u00edo de comunicaciones comerciales sobre ofertas no relacionadas con los servicios y\/o productos contratados. Podr\u00e1 oponerse a recibir estas comunicaciones en cada comunicaci\u00f3n que reciba.<\/p>\n<p>Legitimaci\u00f3n: Su consentimiento.<\/p>\n<p><strong>Consultas, solicitudes o sugerencias<\/strong><\/p>\n<p>Finalidad: Gesti\u00f3n de la consulta, solicitud o sugerencia trasladada por el interesado.<\/p>\n<p>Legitimaci\u00f3n: En caso de hacernos llegar una consulta, solicitud o sugerencia sin estar registrado en Mar\u00eda Jos\u00e9 Pav\u00e9s Cano, utilizaremos los datos facilitados para darle respuesta a la consulta en base a su consentimiento y nuestro inter\u00e9s leg\u00edtimo Cuando un usuario registrado nos realiza una consulta, solicitud o sugerencia utilizamos sus datos para darle respuesta en base a la ejecuci\u00f3n del contrato En caso de presentar una solicitud de ejercicio de derechos explicadas en el punto 6. DERECHOS QUE PUEDE EJERCER, utilizaremos sus datos en base a una obligaci\u00f3n legal.<\/p>\n<p><strong>Env\u00edo de curr\u00edculum<\/strong><\/p>\n<p>Finalidad: Incluirlo en los procesos de selecci\u00f3n de personal abiertos actualmente o para futuros procesos en el que el candidato pueda encajar, no pudiendo ser utilizados para otras finalidades.<\/p>\n<p>Legitimaci\u00f3n: Ejecuci\u00f3n de medidas precontractuales.<\/p>\n<p>&nbsp;<\/p>\n<p>Al proporcionar sus datos por cualquiera de los medios facilitados, garantiza la veracidad de los datos aportados y se comprometes a comunicar cualquier cambio que se produzca en los mismos.<br \/>\nRecuerde que, cuando le pidamos que rellene sus datos personales para darle acceso a alguna funcionalidad o servicio, marcaremos algunos campos como obligatorios, puesto que son datos que necesitamos para poder prestarle el servicio en cuesti\u00f3n. Por favor, tenga en cuenta que si decide no facilitarnos esos datos, es posible que no pueda no pueda disfrutar de esos servicios o funcionalidades o enviarnos su solicitud.<\/p>\n<p>&nbsp;<\/p>\n<p><strong>4.- CONSERVACI\u00d3N DE TUS DATOS. \u00bfCU\u00c1NTO TIEMPO LOS CONSERVAREMOS?<\/strong><\/p>\n<p>Los datos personales proporcionados se conservar\u00e1n durante el tiempo necesario para cumplir con la finalidad para la que se recaban. Una vez finalizado este plazo conservaremos sus datos debidamente guardados y protegidos durante los plazos de prescripci\u00f3n legal exigidos. Una vez prescriban las posibles acciones de cada caso, procederemos a la supresi\u00f3n de los datos personales.<\/p>\n<p><strong>5.- \u00bfA QUI\u00c9N COMUNICAMOS SUS DATOS?<\/strong><\/p>\n<p>Para cumplir las finalidades indicadas en la presente Pol\u00edtica de Privacidad, es necesario que demos acceso a sus datos personales a entidades que nos prestan apoyo en los servicios que le ofrecemos, a saber:<\/p>\n<p>Entidades financieras<\/p>\n<p>Proveedores de servicios tecnol\u00f3gicos<\/p>\n<p>Entidades de asesoramiento empresarial<\/p>\n<p>Seguridad Social<\/p>\n<p>Agencia Tributaria<\/p>\n<p>Al margen de las se\u00f1aladas, Mar\u00eda Jos\u00e9 Pav\u00e9s Cano no ceder\u00e1 los datos personales a terceros, excepto por obligaci\u00f3n legal. Sin embargo, en el caso de ser cedidos a alg\u00fan tercero se informar\u00e1 previamente al usuario solicitando el consentimiento expreso para tal cesi\u00f3n. La entidad responsable de la base de datos, as\u00ed como los que intervengan en cualquier fase del tratamiento y\/o las entidades a quienes se los haya comunicado -en todo caso siempre con la correspondiente autorizaci\u00f3n otorgada por el usuario-, est\u00e1n obligadas a observar el secreto profesional y a la adopci\u00f3n de los niveles de protecci\u00f3n y las medidas t\u00e9cnicas y organizativas necesarias a su alcance para garantizar la seguridad de los datos de car\u00e1cter personal, evitando, dentro de lo posible, accesos no autorizados,modificaciones il\u00edcitas, sustracciones y\/o la p\u00e9rdida de los datos, con objeto de procurar el correspondiente nivel de seguridad de los ficheros, seg\u00fan la naturaleza y sensibilidad de los datos facilitados por los usuarios del presente sitio web.<\/p>\n<p><strong>6.- DERECHOS QUE PUEDE EJERCER<\/strong><\/p>\n<p>Puede ejercitar cualquiera de los derechos que a continuaci\u00f3n le explicamos, simplemente indic\u00e1ndonos el motivo de tu solicitud y el derecho que quiere ejercitar. En caso de que lo consideremos necesario para poder identificarle, podremos solicitarle copia de un documento acreditativo de su identidad.<\/p>\n<p>En general siempre tendr\u00e1 derecho a:<\/p>\n<ul>\n<li>Solicitar el acceso a sus datos personales, para conocer qu\u00e9 datos tenemos suyos.<\/li>\n<li>Solicitar la rectificaci\u00f3n de sus datos: tenga en cuenta que, al facilitarnos activamente sus datos personales por cualquier v\u00eda, garantiza que son ciertos y exactos y se compromete a notificarnos cualquier cambio o modificaci\u00f3n de los mismos.<\/li>\n<li>Solicitar que suprimamos sus datos en la medida en que ya no sean necesarios para la finalidad para los que necesitemos tratarlos seg\u00fan le hemos informado m\u00e1s arriba, o en que ya no contemos con legitimaci\u00f3n para hacerlo.<\/li>\n<li>Solicitar que limitemos el tratamiento de sus datos, lo que supone que en determinados casos pueda solicitarnos que suspendamos temporalmente el tratamiento de los datos o que los conservemos m\u00e1s all\u00e1 del tiempo necesario cuando puedas necesitarlo.<\/li>\n<li>Solicitar la portabilidad de tus datos personales. Esto significa que tendr\u00e1 derecho a recibir los datos personales que nos haya facilitado en un formato estructurado, de uso com\u00fan y legible por una m\u00e1quina, para poder transmitirlo a otra entidad directamente, siempre que t\u00e9cnicamente sea posible.<\/li>\n<li>Solicitar el derecho de oposici\u00f3n al tratamiento de sus datos cuando el tratamiento de tus datos est\u00e9 basado en nuestro inter\u00e9s leg\u00edtimo.<\/li>\n<\/ul>\n<p>Puede solicitar el ejercicio de derecho a trav\u00e9s de los siguientes medios:<\/p>\n<ul>\n<li>Correo postal, enviando su solicitud o entreg\u00e1ndola presencialmente en: Avenida 25 de Abril 93, 38430 Icod de los Vinos, Santa Cruz de Tenerife<\/li>\n<li>A trav\u00e9s del correo electr\u00f3nico: masetenerife@gmail.com<\/li>\n<\/ul>\n<p>Mar\u00eda Jos\u00e9 Pav\u00e9s Cano deber\u00e1 contestar la solicitud en el plazo de un mes a partir de la recepci\u00f3n de la solicitud. Dicho plazo podr\u00e1 prorrogarse otros dos meses en el caso de ser necesario, teniendo en cuenta la complejidad y el n\u00famero de solicitudes.<\/p>\n<p>Tiene derecho a retirar el consentimiento prestado en cualquier momento enviando correo electr\u00f3nico a masetenerife@gmail.com. La retirada del consentimiento no afectar\u00e1 a la licitud del tratamiento efectuado antes de la retirada del consentimiento.<\/p>\n<p>En caso de considerar vulnerado su derecho a la protecci\u00f3n de sus datos de car\u00e1cter personal, podr\u00e1 interponer una reclamaci\u00f3n delante de la Agencia Espa\u00f1ola de Protecci\u00f3n de Datos, www.aepd.es.<\/p>\n<p><strong>7.- \u00bfQU\u00c9 PASA SI NOS FACILITA DATOS DE TERCEROS O SI UN TERCERO NOS HA FACILITADO DATOS SUYOS?<\/strong><\/p>\n<p>Hay ocasiones en las que puede facilitar datos de terceros, por ejemplo, personas de contactos. Si nos proporciona Datos Personales de terceras personas garantiza haberles informado acerca de las finalidades y la forma en la que necesitamos tratar sus datos personales.<\/p>\n<p>Si un tercero nos ha facilitado sus datos los trataremos dentro de las finalidades recogidas en esta Pol\u00edtica de Privacidad.<\/p>\n<p><strong>8.- \u00bfEST\u00c1N SEGUROS MIS DATOS?<\/strong><\/p>\n<p>Mar\u00eda Jos\u00e9 Pav\u00e9s Cano garantiza la adopci\u00f3n de las medidas oportunas para asegurar el tratamiento confidencial de sus datos habida cuenta del car\u00e1cter reservado de los mismos y se compromete a que dichos datos permanezcan secretos, trat\u00e1ndolos con la m\u00e1xima reserva, y declara tener implantadas en su sistema de informaci\u00f3n, las pol\u00edticas de seguridad correspondientes al tipo de datos manejados conforme a lo dispuesto en el \u00a0REGLAMENTO (UE) 2016\/679 DEL PARLAMENTO EUROPEO Y DEL CONSEJO de 27 de abril de 2016 relativo a la protecci\u00f3n de las personas f\u00edsicas en lo que respecta al tratamiento de datos personales y a la libre circulaci\u00f3n de estos datos (RGPD).<\/p>\n<p>Todos los datos facilitados a trav\u00e9s de nuestra plataforma se recopilan mediante un protocolo seguro.<\/p>\n<p>Nuestra web:<\/p>\n<p>&#8211; Posee un certificado SSL que permite que cuando alg\u00fan usuario visita nuestra web e intercambia informaci\u00f3n con nosotros se establece una conexi\u00f3n cifrada.<\/p>\n<p>&#8211; Se encuentra alojada en los servidores de Hostinger. Puede consultar su Pol\u00edtica de Privacidad\u00a0<a href=\"https:\/\/www.hostinger.es\/legal\/politica-de-privacidad\">aqu\u00ed<\/a>.<\/p>\n<p>&nbsp;<\/p>\n<p><strong>9.- . CAMBIOS A LA POL\u00cdTICA DE PRIVACIDAD<\/strong><\/p>\n<p>Es posible que modifiquemos la informaci\u00f3n contenida en esta Pol\u00edtica de Privacidad cuando lo estimemos conveniente, en cumplimiento por ejemplo de cambios legislativos o jurisprudenciales. En caso de que lo hagamos, se lo notificaremos por distintas v\u00edas a trav\u00e9s de los cambios en la web, o incluso se lo comunicaremos a su direcci\u00f3n de correo electr\u00f3nico cuando el cambio en cuesti\u00f3n sea significativo para con tu privacidad, de manera que pueda revisar los cambios, valorarlos y, en su caso, oponerse o darse de baja en alg\u00fan servicio o funcionalidad.<\/p>\n<p><strong>10.- \u00bfALGUNA CONSULTA SOBRE ESTA POL\u00cdTICA O SUS DERECHOS?<\/strong><\/p>\n<p>En el caso de tener alguna duda o pregunta sobre la pol\u00edtica de privacidad o sobre c\u00f3mo gestionar alg\u00fan dato personal que nos haya proporcionado puede contactar en masetenerife@gmail.com.<\/p>\n","protected":false},"excerpt":{"rendered":"<p>POL\u00cdTICA DE PRIVACIDAD En este sitio web s\u00f3lo se recaban datos personales con el conocimiento e informaci\u00f3n de los usuarios. En este documento le explicamos con detalle qui\u00e9n va a tratar sus datos, para qu\u00e9 se van a utilizar y cu\u00e1les son los derechos que puede ejercer entre otros puntos. Si quiere tener una mayor&#8230;<\/p>\n","protected":false},"author":1,"featured_media":0,"parent":0,"menu_order":0,"comment_status":"closed","ping_status":"closed","template":"","meta":{"footnotes":""},"class_list":["post-38","page","type-page","status-publish","hentry"],"_links":{"self":[{"href":"https:\/\/opticapupilen.es\/index.php\/wp-json\/wp\/v2\/pages\/38","targetHints":{"allow":["GET"]}}],"collection":[{"href":"https:\/\/opticapupilen.es\/index.php\/wp-json\/wp\/v2\/pages"}],"about":[{"href":"https:\/\/opticapupilen.es\/index.php\/wp-json\/wp\/v2\/types\/page"}],"author":[{"embeddable":true,"href":"https:\/\/opticapupilen.es\/index.php\/wp-json\/wp\/v2\/users\/1"}],"replies":[{"embeddable":true,"href":"https:\/\/opticapupilen.es\/index.php\/wp-json\/wp\/v2\/comments?post=38"}],"version-history":[{"count":5,"href":"https:\/\/opticapupilen.es\/index.php\/wp-json\/wp\/v2\/pages\/38\/revisions"}],"predecessor-version":[{"id":88,"href":"https:\/\/opticapupilen.es\/index.php\/wp-json\/wp\/v2\/pages\/38\/revisions\/88"}],"wp:attachment":[{"href":"https:\/\/opticapupilen.es\/index.php\/wp-json\/wp\/v2\/media?parent=38"}],"curies":[{"name":"wp","href":"https:\/\/api.w.org\/{rel}","templated":true}]}}